{"id":44,"date":"2024-11-11T09:12:11","date_gmt":"2024-11-11T08:12:11","guid":{"rendered":"https:\/\/hotelkore.it\/en\/?page_id=44"},"modified":"2024-11-11T10:33:55","modified_gmt":"2024-11-11T09:33:55","slug":"privacy-policy","status":"publish","type":"page","link":"https:\/\/hotelkore.it\/en\/privacy-policy\/","title":{"rendered":"Privacy-policy"},"content":{"rendered":"<p>[et_pb_section fb_built=&#8221;1&#8243; _builder_version=&#8221;4.27.2&#8243; _module_preset=&#8221;default&#8221; global_colors_info=&#8221;{}&#8221; theme_builder_area=&#8221;post_content&#8221;][et_pb_row _builder_version=&#8221;4.27.2&#8243; _module_preset=&#8221;default&#8221; global_colors_info=&#8221;{}&#8221; theme_builder_area=&#8221;post_content&#8221;][et_pb_column type=&#8221;4_4&#8243; _builder_version=&#8221;4.27.2&#8243; _module_preset=&#8221;default&#8221; global_colors_info=&#8221;{}&#8221; theme_builder_area=&#8221;post_content&#8221;][et_pb_text _builder_version=&#8221;4.27.3&#8243; _module_preset=&#8221;default&#8221; custom_margin=&#8221;50px||||false|false&#8221; hover_enabled=&#8221;0&#8243; global_colors_info=&#8221;{}&#8221; theme_builder_area=&#8221;post_content&#8221; sticky_enabled=&#8221;0&#8243;]<\/p>\n<h1 style=\"text-align: center;\">Personal data processing<\/h1>\n<p>Ai sensi dell&#8217;art. 13 del Regolamento Europeo n. 2016\/679 (di seguito anche GDPR), la societ\u00e0 Kore Iniziative SRL, nella sua qualit\u00e0 di titolare del trattamento dei dati personali, nella persona del legale rappresentante, con sede ad Agrigento in Viale Leonardo Sciascia, La informa, che i dati personali che saranno forniti potranno essere trattati da quest&#8217;ultima, direttamente o anche attraverso terzi, oltre che per dare esecuzione agli obblighi contrattuali, anche per ottemperare agli obblighi previsti dalla legge, da regolamenti o dalle normative comunitarie.<\/p>\n<p>Per trattamento di dati si intende qualsiasi operazione o insieme di operazioni, compiute con o senza l&#8217;ausilio di processi automatizzati e applicate a dati personali o insiemi di dati personali, come la raccolta, la registrazione, l&#8217;organizzazione, la strutturazione, la conservazione, l&#8217;adattamento o la modifica, l&#8217;estrazione, la consultazione, l&#8217;uso, la comunicazione mediante trasmissione, diffusione o qualsiasi altra forma di messa a disposizione, il raffronto o l&#8217;interconnessione, la limitazione, la cancellazione o la distruzione. Il trattamento dei dati avverr\u00e0 mediante strumenti idonei a garantirne la sicurezza nonch\u00e9 la riservatezza e potr\u00e0 essere effettuato anche mediante strumenti automatizzati atti a memorizzare, gestire e trasmettere i dati stessi.<\/p>\n<p>Il Responsabile per la Protezione dei dati (DPO) ai sensi dell\u2019Art. 37 del GDPR, \u00e8 contattabile scrivendo all\u2019indirizzo PEC hotelkore@pec.it oppure all\u2019indirizzo della sede legale indicata per il Titolare del trattamento, oppure al numero di telefono 0922 60 76 63.<\/p>\n<p>Kore Iniziative SRL \u00e8 titolare del trattamento dei dati forniti ed \u00e8 pertanto responsabile di eventuali aggiornamenti o modifiche degli stessi, relativamente alle variazioni comunicate. In relazione al trattamento dei Suoi dati, Lei potr\u00e0 esercitare i diritti previsti dall&#8217;articolo 15 del Regolamento Europeo n. 2016\/679, ed in particolare, tra l&#8217;altro, Lei avr\u00e0 diritto:<\/p>\n<ul>\n<li>di ottenere la conferma dell&#8217;esistenza o meno di dati personali che lo riguardano, anche se non ancora registrati, e la loro comunicazione in forma intelligibile;<\/li>\n<li>di ottenere l&#8217;indicazione:\n<ul>\n<li>dell&#8217;origine dei dati personali;<\/li>\n<li>delle categorie di dati personali trattati;<\/li>\n<li>il periodo di conservazione dei dati personali oppure, se non \u00e8 possibile, i criteri utilizzati per determinare tale periodo;<\/li>\n<li>delle finalit\u00e0 e modalit\u00e0 del trattamento;<\/li>\n<li>della logica applicata in caso di trattamento effettuato con l&#8217;ausilio di strumenti elettronici;<\/li>\n<li>degli estremi identificativi del titolare, dei responsabili e del responsabile per la protezione dei dati designato ai sensi dell&#8217;articolo 37;<\/li>\n<li>dei soggetti o delle categorie di soggetti ai quali i dati personali possono essere comunicati o che possono venirne a conoscenza in qualit\u00e0 di rappresentante designato nel territorio dello Stato, di responsabili o incaricati;<\/li>\n<li>qualora i dati personali siano trasferiti a un paese terzo o a un&#8217;organizzazione internazionale, il diritto di essere informato dell&#8217;esistenza di garanzie adeguate ai sensi dell&#8217;articolo 46 relative al trasferimento.<\/li>\n<\/ul>\n<\/li>\n<li>di ottenere:\n<ul>\n<li>l&#8217;aggiornamento, la rettifica ovvero, quando vi ha interesse, l&#8217;integrazione dei dati;<\/li>\n<li>la cancellazione, la trasformazione in forma anonima o il blocco dei dati trattati in violazione di legge, compresi quelli di cui non \u00e8 necessaria la conservazione in relazione agli scopi per i quali i dati sono stati raccolti o successivamente trattati;<\/li>\n<li>la limitazione del trattamento dei dati personali che lo riguardano o di opporsi a loro trattamento<\/li>\n<\/ul>\n<\/li>\n<li>di opporsi, in tutto o in parte:\n<ul>\n<li>per motivi legittimi al trattamento dei dati personali che lo riguardano, ancorch\u00e9 allo scopo della raccolta;<\/li>\n<li>al trattamento di dati personali che lo riguardano a fini di invio di materiale pubblicitario o di vendita diretta o per il compimento di ricerche di mercato o di comunicazione commerciale.<\/li>\n<\/ul>\n<\/li>\n<li>di proporre reclamo a un&#8217;autorit\u00e0 competente<\/li>\n<\/ul>\n<p>La cancellazione o modifica dei dati avverr\u00e0 secondo le tempistiche tecniche previste per ciascuno dei servizi sopra elencati. Lei potr\u00e0 esercitare i diritti sovra descritti, mediante richiesta inviata con lettera raccomandata al seguente indirizzo: <strong>Kore Iniziative SRL<\/strong> \u2013 Via Leonardo Sciascia \u2013 92100 Agrigento; oppure attraverso PEC all&#8217;indirizzo <strong>hotelkore@pec.it<\/strong><\/p>\n<h4>Privacy Policy per i visitatori del sito<\/h4>\n<p>La presente Privacy Policy ha lo scopo di descrivere le modalit\u00e0 di gestione dei siti gestiti della scrivente, in riferimento al trattamento dei dati personali degli utenti\/visitatori che lo consultano.<\/p>\n<p>Si tratta di un\u2019informativa che \u00e8 resa anche ai sensi dell\u2019art. 13 del Regolamento Europeo n. 2016\/679, a coloro che si collegano al sito <em>www.hotelkore.it<\/em>.<\/p>\n<p>Il sito sopra indicato \u00e8 di titolarit\u00e0 di Kore Iniziative SRL (di seguito &#8220;<em>Hotel Kore<\/em>&#8220;).<\/p>\n<p>L\u2019informativa \u00e8 resa da Hotel Kore soltanto per i siti ad essa appartenenti e da essa gestiti e non anche per altri siti web o sezioni\/pagine\/spazi di titolarit\u00e0 di Terzi &#8211; eventualmente consultati dall\u2019utente tramite appositi link.<\/p>\n<p>Si invitano gli utenti\/visitatori a leggere attentamente la presente Privacy Policy prima di inoltrare qualsiasi tipo di informazione personale e\/o compilare qualunque modulo elettronico presente sul sito stesso.<\/p>\n<h4>I dati trattati e le finalit\u00e0 dei trattamenti<\/h4>\n<h5>Dati di navigazione<\/h5>\n<p>I sistemi informatici e le procedure software preposte al funzionamento di questo sito web, acquisiscono, nel corso del loro normale esercizio, alcuni dati personali la cui trasmissione \u00e8 implicita nell&#8217;uso dei protocolli di comunicazione di Internet.<\/p>\n<p>Si tratta di informazioni che non sono raccolte per essere associate a interessati identificati, ma che per loro stessa natura potrebbero, attraverso elaborazioni ed associazioni con dati detenuti da terzi, permettere di identificare gli utenti.<\/p>\n<p>&nbsp;<\/p>\n<p>In questa categoria di dati rientrano gli indirizzi IP o i nomi a dominio dei computer utilizzati dagli utenti che si connettono al sito, gli indirizzi in notazione URI (Uniform Resource Identifier) delle risorse richieste, l&#8217;orario della richiesta, il metodo utilizzato nel sottoporre la richiesta al server, la dimensione del file ottenuto in risposta, il codice numerico indicante lo stato della risposta data dal server (buon fine, errore, ecc.) ed altri parametri relativi al sistema operativo e all&#8217;ambiente informatico dell&#8217;utente.<\/p>\n<p>Questi dati vengono utilizzati al solo fine di ricavare informazioni statistiche anonime sull&#8217;uso del sito e per controllarne il corretto funzionamento e vengono cancellati immediatamente dopo l&#8217;elaborazione. I dati potrebbero essere utilizzati per l&#8217;accertamento di responsabilit\u00e0 in caso di ipotetici reati informatici ai danni del sito: salva questa eventualit\u00e0, allo stato i dati sui contatti web non persistono per pi\u00f9 di sette giorni.<\/p>\n<h5>Dati forniti volontariamente dall&#8217;utente<\/h5>\n<p>L&#8217;invio facoltativo, esplicito e volontario, di propri dati personali per accedere a determinati servizi, ovvero per effettuare richieste tramite posta elettronica, comporta la successiva acquisizione da parte di Hotel Kore dell&#8217;indirizzo del mittente o di altri eventuali dati personali che verranno trattati esclusivamente per rispondere alla richiesta o per la fornitura del servizio.<\/p>\n<h4>Cookie<\/h4>\n<p>Un cookie \u00e8 un breve testo inviato al tuo browser da un sito web visitato. Consente al sito di memorizzare informazioni sulla tua visita, come la tua lingua preferita e altre impostazioni. Ci\u00f2 pu\u00f2 facilitare la tua visita successiva e aumentare l&#8217;utilit\u00e0 del sito a tuo favore. I cookie svolgono un ruolo importante. Senza di essi, l&#8217;utilizzo del Web sarebbe un&#8217;esperienza molto pi\u00f9 frustrante. I Cookie, cos\u00ec come definito dal Provvedimento del Garante della Privacy (Nr. 229 dell&#8217;8 maggio 2014), possono essere di due tipi:<\/p>\n<h5>Cookies Tecnici<\/h5>\n<p>I cookie tecnici sono quelli utilizzati al solo fine di effettuare la trasmissione di una comunicazione elettronica, o nella misura strettamente necessaria al fornitore di un servizio della societ\u00e0 dell&#8217;informazione esplicitamente richiesto dall&#8217;abbonato o dall&#8217;utente a erogare tale servizio. Essi non vengono utilizzati per scopi ulteriori e sono normalmente installati direttamente dal titolare o gestore del sito web.<\/p>\n<p>Possono essere suddivisi in cookie di navigazione o di sessione, che garantiscono la normale navigazione e fruizione del sito web (permettendo, ad esempio, di realizzare un acquisto o autenticarsi per accedere ad aree riservate); cookie analytics, assimilati ai cookie tecnici laddove utilizzati direttamente dal gestore del sito per raccogliere informazioni, in forma aggregata, sul numero degli utenti e su come questi visitano il sito stesso; cookie di funzionalit\u00e0, che permettono all&#8217;utente la navigazione in funzione di una serie di criteri selezionati (ad esempio, la lingua, i prodotti selezionati per l&#8217;acquisto) al fine di migliorare il servizio reso allo stesso. Per l&#8217;installazione di tali cookie non \u00e8 richiesto il preventivo consenso degli utenti, mentre resta fermo l&#8217;obbligo di dare l&#8217;informativa ai sensi dell&#8217;art. 13 del Codice.<\/p>\n<h5>Cookie di Profilazione<\/h5>\n<p>I cookie di profilazione sono volti a creare profili relativi all&#8217;utente e vengono utilizzati al fine di inviare messaggi pubblicitari in linea con le preferenze manifestate dallo stesso nell&#8217;ambito della navigazione in rete. In ragione della particolare invasivit\u00e0 che tali dispositivi possono avere nell&#8217;ambito della sfera privata degli utenti, la normativa europea e italiana prevede che l&#8217;utente debba essere adeguatamente informato sull&#8217;uso degli stessi ed esprimere cos\u00ec il proprio valido consenso.<\/p>\n<h5>In che modo Hotel Kore utilizza i cookie<\/h5>\n<p>Hotel Kore fa uso solo di Cookie Tecnici escludendo, pertanto, l&#8217;utilizzo di quelli di Profilazione; nello specifico:<\/p>\n<ul>\n<li>Nessun dato personale degli utenti viene in proposito acquisito dal sito.<\/li>\n<li>Non viene fatto uso di cookie per la trasmissione di informazioni di carattere personale, n\u00e9 vengono utilizzati c.d. cookie persistenti di alcun tipo, ovvero sistemi per il tracciamento degli utenti.<\/li>\n<li>L&#8217;uso di cookie di sessione (che non vengono memorizzati in modo persistente sul computer dell&#8217;utente e svaniscono con la chiusura del browser) \u00e8 strettamente limitato alla trasmissione di identificativi di sessione (costituiti da numeri casuali generati dal server) necessari per consentire l&#8217;esplorazione sicura ed efficiente del sito.<\/li>\n<li>I cookie di sessione utilizzati nel sito evitano il ricorso ad altre tecniche informatiche potenzialmente pregiudizievoli per la riservatezza della navigazione degli utenti e non consentono l&#8217;acquisizione di dati personali identificativi dell&#8217;utente.<\/li>\n<\/ul>\n<p>Al fine di conoscere come i nostri visitatori utilizzano il sito, impieghiamo i servizi offerti da Google e Google Analitycs per raccogliere, aggregare e analizzare i dati allo scopo di capire meglio le modalit\u00e0 di fruizione del Sito. Questi cookie raccolgono solo dati anonimi ed hanno una durata limitata. Le informazioni raccolte sono utilizzate, ad esempio, per monitorare e analizzare l&#8217;utilizzo del sito, migliorare la sua funzionalit\u00e0 e scegliere in maniera pi\u00f9 accurata i contenuti e la veste grafica, al fine di rispondere alle esigenze dei visitatori. In ogni caso, se per qualunque ragione si preferisse che questi specifici cookie non venissero attivati, Google fornisce un add on gratuito per l&#8217;opt-out installabile sui principali browser, al seguente indirizzo:<\/p>\n<p><a href=\"https:\/\/tools.google.com\/dlpage\/gaoptout\">https:\/\/tools.google.com\/dlpage\/gaoptout<\/a><\/p>\n<p>La non accettazione di tali cookie potrebbe compromettere alcune funzionalit\u00e0 del sito.<\/p>\n<h5>Modalit\u00e0 per negare il consenso ed eliminare i cookie<\/h5>\n<p>La maggior parte dei browser indica, anche attraverso il men\u00f9 di &#8220;aiuto&#8221;, come decidere sull&#8217;accettazione o meno dei nuovi cookie, come fare in modo che il browser avverta quando si riceve un nuovo cookie e come poter disabilitare del tutto i cookie. Inoltre, si possono disabilitare o eliminare dati simili utilizzati dai componenti aggiuntivi del browser, quali i cookie Flash, cambiando le impostazioni del componente aggiuntivo o visitando il sito web del relativo produttore.<\/p>\n<p>Se l&#8217;utente imposta il proprio browser rifiutando di accettare i cookie la qualit\u00e0 delle pagine visitate potrebbe essere ridotta e l&#8217;esperienza di navigazione potrebbe essere meno efficace.<br \/>L\u2019erogazione di tutti i cookie, sia di prime che di terze parti, \u00e8 disattivabile, pertanto, intervenendo sulle impostazioni del browser in uso; \u00e8 bene notare, per\u00f2, che questo potrebbe rendere inutilizzabili i siti qualora si bloccassero i cookie indispensabili per l\u2019erogazione delle funzionalit\u00e0. Ogni browser dispone di impostazioni diverse per la disattivazione dei cookie; di seguito proponiamo i collegamenti alle istruzioni per i browser pi\u00f9 comuni.<\/p>\n<ul>\n<li><a href=\"https:\/\/support.microsoft.com\/it-it\/products\/windows?os=windows-10\">Microsoft Internet Explorer<\/a><\/li>\n<li><a href=\"https:\/\/support.google.com\/accounts\/answer\/61416?hl=it\">Google Chrome<\/a><\/li>\n<li><a href=\"https:\/\/support.apple.com\/kb\/PH19214?locale=it_IT\">Apple Safari<\/a><\/li>\n<li><a href=\"https:\/\/support.mozilla.org\/it\/kb\/Attivare%20e%20disattivare%20i%20cookie\">Mozilla Firefox<\/a><\/li>\n<li><a href=\"http:\/\/help.opera.com\/Windows\/10.00\/it\/cookies.html\">Opera<\/a><\/li>\n<\/ul>\n<h5>Modalit\u00e0 del trattamento<\/h5>\n<p>Il trattamento viene effettuato attraverso strumenti automatizzati (ad es. utilizzando procedure e supporti elettronici) e\/o manualmente (ad esempio su supporto cartaceo) per il tempo strettamente necessario a conseguire gli scopi per i quali i dati sono stati raccolti e, comunque, in conformit\u00e0 alle disposizioni normative vigenti in materia.<\/p>\n<p>&nbsp;<\/p>\n<h5>Facoltativit\u00e0 del conferimento dei dati<\/h5>\n<p>A parte quanto specificato per i dati di navigazione, gli utenti\/visitatori sono liberi di fornire i propri dati personali. Il loro mancato conferimento pu\u00f2 comportare unicamente l&#8217;impossibilit\u00e0 di ottenere quanto richiesto.<\/p>\n<h5>I trattamenti per obblighi di legge<\/h5>\n<p>Tutti i dati sopra indicati potrebbero essere trattati anche per l&#8217;adempimento di obblighi di legge, per i tempi dalle stesse previsti. I trattamenti potrebbero avvenire anche per l&#8217;accertamento di responsabilit\u00e0, in caso di reati informatici ai danni del sito e comunque di indagini da parte dell&#8217;Autorit\u00e0 Giudiziaria. In tal caso, i tempi di conservazione dipenderebbero dalla durata delle attivit\u00e0 di accertamento e di indagine.<\/p>\n<p>Oltre che dai dipendenti di Hotel Kore, alcuni trattamenti dei Suoi dati personali potranno essere effettuati anche da soggetti terzi, ai quali Hotel Kore affida talune attivit\u00e0 (o parte di esse) per perseguire le proprie finalit\u00e0. In tal caso gli stessi soggetti opereranno in qualit\u00e0 di Titolari autonomi o saranno designati come Responsabili o Incaricati del trattamento. Ai Responsabili o agli Incaricati, eventualmente designati, Hotel Kore impartir\u00e0 adeguate istruzioni operative, con particolare riferimento all&#8217;adozione delle misure minime di sicurezza, al fine di poter garantire la riservatezza e la sicurezza dei dati.<\/p>\n<p>[\/et_pb_text][\/et_pb_column][\/et_pb_row][\/et_pb_section]<\/p>\n","protected":false},"excerpt":{"rendered":"<p>Personal data processing Ai sensi dell&#8217;art. 13 del Regolamento Europeo n. 2016\/679 (di seguito anche GDPR), la societ\u00e0 Kore Iniziative SRL, nella sua qualit\u00e0 di titolare del trattamento dei dati personali, nella persona del legale rappresentante, con sede ad Agrigento in Viale Leonardo Sciascia, La informa, che i dati personali che saranno forniti potranno essere [&hellip;]<\/p>\n","protected":false},"author":1,"featured_media":0,"parent":0,"menu_order":0,"comment_status":"closed","ping_status":"closed","template":"","meta":{"_et_pb_use_builder":"on","_et_pb_old_content":"<!-- wp:divi\/placeholder \/-->","_et_gb_content_width":"","footnotes":""},"class_list":["post-44","page","type-page","status-publish","hentry"],"_links":{"self":[{"href":"https:\/\/hotelkore.it\/en\/wp-json\/wp\/v2\/pages\/44","targetHints":{"allow":["GET"]}}],"collection":[{"href":"https:\/\/hotelkore.it\/en\/wp-json\/wp\/v2\/pages"}],"about":[{"href":"https:\/\/hotelkore.it\/en\/wp-json\/wp\/v2\/types\/page"}],"author":[{"embeddable":true,"href":"https:\/\/hotelkore.it\/en\/wp-json\/wp\/v2\/users\/1"}],"replies":[{"embeddable":true,"href":"https:\/\/hotelkore.it\/en\/wp-json\/wp\/v2\/comments?post=44"}],"version-history":[{"count":3,"href":"https:\/\/hotelkore.it\/en\/wp-json\/wp\/v2\/pages\/44\/revisions"}],"predecessor-version":[{"id":202,"href":"https:\/\/hotelkore.it\/en\/wp-json\/wp\/v2\/pages\/44\/revisions\/202"}],"wp:attachment":[{"href":"https:\/\/hotelkore.it\/en\/wp-json\/wp\/v2\/media?parent=44"}],"curies":[{"name":"wp","href":"https:\/\/api.w.org\/{rel}","templated":true}]}}